{"id":2,"date":"2007-12-31T16:15:03","date_gmt":"2007-12-31T15:15:03","guid":{"rendered":""},"modified":"2009-05-14T17:30:06","modified_gmt":"2009-05-14T16:30:06","slug":"about","status":"publish","type":"page","link":"https:\/\/mitue.de\/?page_id=2","title":{"rendered":"\u00dcber die Neuen Kunstspazierg\u00e4nge"},"content":{"rendered":"<p><a href=\"http:\/\/radio.weblogs.com\/0109045\/\">Kunstspazierg\u00e4nge<\/a> gibt es nicht mehr.\u00a0 Das Weblog wurde im Juni 2007 geschlossen, die alten Wege kann man aber noch ablaufen.<\/p>\n<p>Jetzt ist Zeit f\u00fcr <strong>Neue Kunstspazierg\u00e4nge<\/strong>.<br \/>\nEigentlich bleibt alles so wie es war.\u00a0Auch die\u00a0<em>Neuen Kunstspazierg\u00e4nge<\/em> berichten \u00fcber die Erlebnisse von<br \/>\n<a href=\"http:\/\/mitue.de\/homepage\/impressum.html\">Gabi und Michael<\/a><br \/>\nbei ihren ausgedehnten Spazierg\u00e4ngen durch Berlin.<\/p>\n<p>Wer kommentieren will, muss sich registrieren lassen.<\/p>\n","protected":false},"excerpt":{"rendered":"<p>Kunstspazierg\u00e4nge gibt es nicht mehr.\u00a0 Das Weblog wurde im Juni 2007 geschlossen, die alten Wege kann man aber noch ablaufen. Jetzt ist Zeit f\u00fcr Neue Kunstspazierg\u00e4nge. Eigentlich bleibt alles so wie es war.\u00a0Auch die\u00a0Neuen Kunstspazierg\u00e4nge berichten \u00fcber die Erlebnisse von Gabi und Michael bei ihren ausgedehnten Spazierg\u00e4ngen durch Berlin. Wer kommentieren will, muss sich registrieren [&hellip;]<\/p>\n","protected":false},"author":1,"featured_media":0,"parent":0,"menu_order":0,"comment_status":"open","ping_status":"open","template":"","meta":{"footnotes":""},"class_list":["post-2","page","type-page","status-publish","hentry"],"_links":{"self":[{"href":"https:\/\/mitue.de\/index.php?rest_route=\/wp\/v2\/pages\/2","targetHints":{"allow":["GET"]}}],"collection":[{"href":"https:\/\/mitue.de\/index.php?rest_route=\/wp\/v2\/pages"}],"about":[{"href":"https:\/\/mitue.de\/index.php?rest_route=\/wp\/v2\/types\/page"}],"author":[{"embeddable":true,"href":"https:\/\/mitue.de\/index.php?rest_route=\/wp\/v2\/users\/1"}],"replies":[{"embeddable":true,"href":"https:\/\/mitue.de\/index.php?rest_route=%2Fwp%2Fv2%2Fcomments&post=2"}],"version-history":[{"count":2,"href":"https:\/\/mitue.de\/index.php?rest_route=\/wp\/v2\/pages\/2\/revisions"}],"predecessor-version":[{"id":460,"href":"https:\/\/mitue.de\/index.php?rest_route=\/wp\/v2\/pages\/2\/revisions\/460"}],"wp:attachment":[{"href":"https:\/\/mitue.de\/index.php?rest_route=%2Fwp%2Fv2%2Fmedia&parent=2"}],"curies":[{"name":"wp","href":"https:\/\/api.w.org\/{rel}","templated":true}]}}